{"id":4,"date":"2024-12-27T16:03:25","date_gmt":"2024-12-27T16:03:25","guid":{"rendered":"https:\/\/b21-cocktail-bar.ms2.decms.eu\/?page_id=4"},"modified":"2026-01-08T14:24:40","modified_gmt":"2026-01-08T14:24:40","slug":"koktejlovy-bar-b21","status":"publish","type":"page","link":"https:\/\/www.b21cocktailbar.com\/cs\/","title":{"rendered":"O baru B21"},"content":{"rendered":"<p data-start=\"0\" data-end=\"27\"><strong data-start=\"0\" data-end=\"25\">V\u00edtejte v na\u0161em baru!<\/strong><\/p>\n<p data-start=\"29\" data-end=\"254\">Jsme Karel a Charlie a jsme tu, abychom pro v\u00e1s nejen m\u00edchali skv\u011bl\u00e9 koktejly, ale tak\u00e9 vytv\u00e1\u0159eli nezapomenuteln\u00e9 z\u00e1\u017eitky. Ka\u017ed\u00fd drink, kter\u00fd p\u0159iprav\u00edme, m\u00e1 sv\u016fj p\u0159\u00edb\u011bh, a my se nem\u016f\u017eeme do\u010dkat, a\u017e se o n\u011bj s v\u00e1mi pod\u011bl\u00edme.<\/p>\n<p data-start=\"256\" data-end=\"524\">Najdete n\u00e1s jen p\u00e1r krok\u016f od Starom\u011bstsk\u00e9ho n\u00e1m\u011bst\u00ed v Praze, a\u0165 u\u017e jste hosty hotelu, nebo si jen chcete u\u017e\u00edt p\u0159\u00edjemn\u00fd ve\u010der. M\u00e1me otev\u0159eno ka\u017ed\u00fd den od 14:00 do p\u016flnoci, tak\u017ee se kdykoliv zastavte a dop\u0159ejte si chv\u00edli odpo\u010dinku s dokonale nam\u00edchan\u00fdm drinkem v ruce.<\/p>\n<p data-start=\"526\" data-end=\"715\">V l\u00e9t\u011b, pokud n\u00e1m bude po\u010das\u00ed p\u0159\u00e1t, v\u00e1s r\u00e1di p\u0159iv\u00edt\u00e1me na na\u0161\u00ed \u00fatuln\u00e9 terase ve dvo\u0159e. Tak p\u0159ij\u010fte \u2013 kdo v\u00ed, mo\u017en\u00e1 se n\u00e1\u0161 bar stane i va\u0161\u00edm obl\u00edben\u00fdm m\u00edstem k setk\u00e1v\u00e1n\u00ed v srdci m\u011bsta. \ud83c\udf78\u2728<\/p>\n<p data-start=\"717\" data-end=\"788\" data-is-last-node=\"\" data-is-only-node=\"\"><strong data-start=\"717\" data-end=\"766\">T\u011b\u0161\u00edme se, a\u017e v\u00e1m nam\u00edch\u00e1me n\u011bco speci\u00e1ln\u00edho!<\/strong><br data-start=\"766\" data-end=\"769\" \/><strong data-start=\"769\" data-end=\"788\" data-is-last-node=\"\">Karel &amp; Charlie<\/strong><\/p>\n","protected":false},"excerpt":{"rendered":"<p>V\u00edtejte v na\u0161em baru! Jsme Karel a Charlie a jsme tu, abychom pro v\u00e1s nejen m\u00edchali skv\u011bl\u00e9 koktejly, ale tak\u00e9 vytv\u00e1\u0159eli nezapomenuteln\u00e9 z\u00e1\u017eitky. Ka\u017ed\u00fd drink, kter\u00fd p\u0159iprav\u00edme, m\u00e1 sv\u016fj p\u0159\u00edb\u011bh, a my se nem\u016f\u017eeme do\u010dkat, a\u017e se o n\u011bj s v\u00e1mi pod\u011bl\u00edme. Najdete n\u00e1s jen p\u00e1r krok\u016f od Starom\u011bstsk\u00e9ho n\u00e1m\u011bst\u00ed v Praze, a\u0165 u\u017e jste [&hellip;]<\/p>\n","protected":false},"author":13,"featured_media":0,"parent":0,"menu_order":0,"comment_status":"closed","ping_status":"closed","template":"template-landing-page.php","meta":{"footnotes":""},"yoast_head":"<!-- This site is optimized with the Yoast SEO plugin v22.3 - https:\/\/yoast.com\/wordpress\/plugins\/seo\/ -->\n<title>B21 Cocktail Bar | nejlep\u0161\u00ed koktejly a stylov\u00fd bar v centru Prahy<\/title>\n<meta name=\"description\" content=\"Za\u017eijte pr\u00e9miov\u00e9 koktejly v B21 Cocktail Bar, p\u0159\u00edmo v srdci Prahy. Kreativn\u00ed mixologie a osobit\u00fd servis pro hosty hotelu i ve\u0159ejnost.\" \/>\n<meta name=\"robots\" content=\"index, follow, max-snippet:-1, max-image-preview:large, max-video-preview:-1\" \/>\n<link rel=\"canonical\" href=\"https:\/\/www.b21cocktailbar.com\/cs\/\" \/>\n<meta property=\"og:locale\" content=\"cs_CZ\" \/>\n<meta property=\"og:type\" content=\"article\" \/>\n<meta property=\"og:title\" content=\"B21 Cocktail Bar | nejlep\u0161\u00ed koktejly a stylov\u00fd bar v centru Prahy\" \/>\n<meta property=\"og:description\" content=\"Za\u017eijte pr\u00e9miov\u00e9 koktejly v B21 Cocktail Bar, p\u0159\u00edmo v srdci Prahy. Kreativn\u00ed mixologie a osobit\u00fd servis pro hosty hotelu i ve\u0159ejnost.\" \/>\n<meta property=\"og:url\" content=\"https:\/\/www.b21cocktailbar.com\/cs\/\" \/>\n<meta property=\"og:site_name\" content=\"B21 Cocktail Bar\" \/>\n<meta property=\"article:modified_time\" content=\"2026-01-08T14:24:40+00:00\" \/>\n<meta property=\"og:image\" content=\"https:\/\/www.b21cocktailbar.com\/wp-content\/uploads\/sites\/197\/2024\/12\/b21_home_slide02.jpg\" \/>\n\t<meta property=\"og:image:width\" content=\"2200\" \/>\n\t<meta property=\"og:image:height\" content=\"1200\" \/>\n\t<meta property=\"og:image:type\" content=\"image\/jpeg\" \/>\n<meta name=\"twitter:card\" content=\"summary_large_image\" \/>\n<meta name=\"twitter:label1\" content=\"Odhadovan\u00e1 doba \u010dten\u00ed\" \/>\n\t<meta name=\"twitter:data1\" content=\"1 minuta\" \/>\n<script type=\"application\/ld+json\" class=\"yoast-schema-graph\">{\"@context\":\"https:\/\/schema.org\",\"@graph\":[{\"@type\":\"WebPage\",\"@id\":\"https:\/\/www.b21cocktailbar.com\/cs\/\",\"url\":\"https:\/\/www.b21cocktailbar.com\/cs\/\",\"name\":\"B21 Cocktail Bar | nejlep\u0161\u00ed koktejly a stylov\u00fd bar v centru Prahy\",\"isPartOf\":{\"@id\":\"https:\/\/www.b21cocktailbar.com\/cs\/#website\"},\"datePublished\":\"2024-12-27T16:03:25+00:00\",\"dateModified\":\"2026-01-08T14:24:40+00:00\",\"description\":\"Za\u017eijte pr\u00e9miov\u00e9 koktejly v B21 Cocktail Bar, p\u0159\u00edmo v srdci Prahy. Kreativn\u00ed mixologie a osobit\u00fd servis pro hosty hotelu i ve\u0159ejnost.\",\"breadcrumb\":{\"@id\":\"https:\/\/www.b21cocktailbar.com\/cs\/#breadcrumb\"},\"inLanguage\":\"cs\",\"potentialAction\":[{\"@type\":\"ReadAction\",\"target\":[\"https:\/\/www.b21cocktailbar.com\/cs\/\"]}]},{\"@type\":\"BreadcrumbList\",\"@id\":\"https:\/\/www.b21cocktailbar.com\/cs\/#breadcrumb\",\"itemListElement\":[{\"@type\":\"ListItem\",\"position\":1,\"name\":\"Home\",\"item\":\"https:\/\/www.b21cocktailbar.com\/cs\/\"},{\"@type\":\"ListItem\",\"position\":2,\"name\":\"O baru B21\"}]},{\"@type\":\"WebSite\",\"@id\":\"https:\/\/www.b21cocktailbar.com\/cs\/#website\",\"url\":\"https:\/\/www.b21cocktailbar.com\/cs\/\",\"name\":\"B21 Cocktail Bar\",\"description\":\"\",\"publisher\":{\"@id\":\"https:\/\/www.b21cocktailbar.com\/cs\/#organization\"},\"potentialAction\":[{\"@type\":\"SearchAction\",\"target\":{\"@type\":\"EntryPoint\",\"urlTemplate\":\"https:\/\/www.b21cocktailbar.com\/cs\/?s={search_term_string}\"},\"query-input\":\"required name=search_term_string\"}],\"inLanguage\":\"cs\"},{\"@type\":\"Organization\",\"@id\":\"https:\/\/www.b21cocktailbar.com\/cs\/#organization\",\"name\":\"B21 Cocktail Bar\",\"url\":\"https:\/\/www.b21cocktailbar.com\/cs\/\",\"logo\":{\"@type\":\"ImageObject\",\"inLanguage\":\"cs\",\"@id\":\"https:\/\/www.b21cocktailbar.com\/cs\/#\/schema\/logo\/image\/\",\"url\":\"https:\/\/www.b21cocktailbar.com\/wp-content\/uploads\/sites\/197\/2024\/12\/B21_logo_black.png\",\"contentUrl\":\"https:\/\/www.b21cocktailbar.com\/wp-content\/uploads\/sites\/197\/2024\/12\/B21_logo_black.png\",\"width\":350,\"height\":164,\"caption\":\"B21 Cocktail Bar\"},\"image\":{\"@id\":\"https:\/\/www.b21cocktailbar.com\/cs\/#\/schema\/logo\/image\/\"},\"sameAs\":[\"https:\/\/www.instagram.com\/b21cocktailbar\/\"]}]}<\/script>\n<!-- \/ Yoast SEO plugin. -->","yoast_head_json":{"title":"B21 Cocktail Bar | nejlep\u0161\u00ed koktejly a stylov\u00fd bar v centru Prahy","description":"Za\u017eijte pr\u00e9miov\u00e9 koktejly v B21 Cocktail Bar, p\u0159\u00edmo v srdci Prahy. Kreativn\u00ed mixologie a osobit\u00fd servis pro hosty hotelu i ve\u0159ejnost.","robots":{"index":"index","follow":"follow","max-snippet":"max-snippet:-1","max-image-preview":"max-image-preview:large","max-video-preview":"max-video-preview:-1"},"canonical":"https:\/\/www.b21cocktailbar.com\/cs\/","og_locale":"cs_CZ","og_type":"article","og_title":"B21 Cocktail Bar | nejlep\u0161\u00ed koktejly a stylov\u00fd bar v centru Prahy","og_description":"Za\u017eijte pr\u00e9miov\u00e9 koktejly v B21 Cocktail Bar, p\u0159\u00edmo v srdci Prahy. Kreativn\u00ed mixologie a osobit\u00fd servis pro hosty hotelu i ve\u0159ejnost.","og_url":"https:\/\/www.b21cocktailbar.com\/cs\/","og_site_name":"B21 Cocktail Bar","article_modified_time":"2026-01-08T14:24:40+00:00","og_image":[{"width":2200,"height":1200,"url":"https:\/\/www.b21cocktailbar.com\/wp-content\/uploads\/sites\/197\/2024\/12\/b21_home_slide02.jpg","type":"image\/jpeg"}],"twitter_card":"summary_large_image","twitter_misc":{"Odhadovan\u00e1 doba \u010dten\u00ed":"1 minuta"},"schema":{"@context":"https:\/\/schema.org","@graph":[{"@type":"WebPage","@id":"https:\/\/www.b21cocktailbar.com\/cs\/","url":"https:\/\/www.b21cocktailbar.com\/cs\/","name":"B21 Cocktail Bar | nejlep\u0161\u00ed koktejly a stylov\u00fd bar v centru Prahy","isPartOf":{"@id":"https:\/\/www.b21cocktailbar.com\/cs\/#website"},"datePublished":"2024-12-27T16:03:25+00:00","dateModified":"2026-01-08T14:24:40+00:00","description":"Za\u017eijte pr\u00e9miov\u00e9 koktejly v B21 Cocktail Bar, p\u0159\u00edmo v srdci Prahy. Kreativn\u00ed mixologie a osobit\u00fd servis pro hosty hotelu i ve\u0159ejnost.","breadcrumb":{"@id":"https:\/\/www.b21cocktailbar.com\/cs\/#breadcrumb"},"inLanguage":"cs","potentialAction":[{"@type":"ReadAction","target":["https:\/\/www.b21cocktailbar.com\/cs\/"]}]},{"@type":"BreadcrumbList","@id":"https:\/\/www.b21cocktailbar.com\/cs\/#breadcrumb","itemListElement":[{"@type":"ListItem","position":1,"name":"Home","item":"https:\/\/www.b21cocktailbar.com\/cs\/"},{"@type":"ListItem","position":2,"name":"O baru B21"}]},{"@type":"WebSite","@id":"https:\/\/www.b21cocktailbar.com\/cs\/#website","url":"https:\/\/www.b21cocktailbar.com\/cs\/","name":"B21 Cocktail Bar","description":"","publisher":{"@id":"https:\/\/www.b21cocktailbar.com\/cs\/#organization"},"potentialAction":[{"@type":"SearchAction","target":{"@type":"EntryPoint","urlTemplate":"https:\/\/www.b21cocktailbar.com\/cs\/?s={search_term_string}"},"query-input":"required name=search_term_string"}],"inLanguage":"cs"},{"@type":"Organization","@id":"https:\/\/www.b21cocktailbar.com\/cs\/#organization","name":"B21 Cocktail Bar","url":"https:\/\/www.b21cocktailbar.com\/cs\/","logo":{"@type":"ImageObject","inLanguage":"cs","@id":"https:\/\/www.b21cocktailbar.com\/cs\/#\/schema\/logo\/image\/","url":"https:\/\/www.b21cocktailbar.com\/wp-content\/uploads\/sites\/197\/2024\/12\/B21_logo_black.png","contentUrl":"https:\/\/www.b21cocktailbar.com\/wp-content\/uploads\/sites\/197\/2024\/12\/B21_logo_black.png","width":350,"height":164,"caption":"B21 Cocktail Bar"},"image":{"@id":"https:\/\/www.b21cocktailbar.com\/cs\/#\/schema\/logo\/image\/"},"sameAs":["https:\/\/www.instagram.com\/b21cocktailbar\/"]}]}},"acf":[],"_links":{"self":[{"href":"https:\/\/www.b21cocktailbar.com\/cs\/wp-json\/wp\/v2\/pages\/4"}],"collection":[{"href":"https:\/\/www.b21cocktailbar.com\/cs\/wp-json\/wp\/v2\/pages"}],"about":[{"href":"https:\/\/www.b21cocktailbar.com\/cs\/wp-json\/wp\/v2\/types\/page"}],"author":[{"embeddable":true,"href":"https:\/\/www.b21cocktailbar.com\/cs\/wp-json\/wp\/v2\/users\/13"}],"replies":[{"embeddable":true,"href":"https:\/\/www.b21cocktailbar.com\/cs\/wp-json\/wp\/v2\/comments?post=4"}],"version-history":[{"count":0,"href":"https:\/\/www.b21cocktailbar.com\/cs\/wp-json\/wp\/v2\/pages\/4\/revisions"}],"wp:attachment":[{"href":"https:\/\/www.b21cocktailbar.com\/cs\/wp-json\/wp\/v2\/media?parent=4"}],"curies":[{"name":"wp","href":"https:\/\/api.w.org\/{rel}","templated":true}]}}